{"id":9,"date":"2025-02-20T22:18:40","date_gmt":"2025-02-20T22:18:40","guid":{"rendered":"https:\/\/photo.bugajew.ski\/?page_id=9"},"modified":"2025-02-23T10:50:33","modified_gmt":"2025-02-23T10:50:33","slug":"dein-kostenloses-shooting-professionelle-bilder-kein-preis","status":"publish","type":"page","link":"https:\/\/photo.bugajew.ski\/?page_id=9","title":{"rendered":"DEIN KOSTENLOSES SHOOTING \u2013 PROFESSIONELLE BILDER, KEIN PREIS"},"content":{"rendered":"\n<p>Du brauchst hochwertige Fotos, die dich ins beste Licht r\u00fccken? Ich biete regelm\u00e4\u00dfig&nbsp;<strong>kostenlose Test-Shootings<\/strong>&nbsp;an, um mein Portfolio weiter auszubauen. Egal, ob du Model bist, kreative Ideen hast oder einfach Lust auf starke Bilder \u2013 hier ist deine Chance, dich vor der Kamera auszuprobieren und erstklassige Aufnahmen zu bekommen. Du investierst nur deine Zeit, ich k\u00fcmmere mich um den Rest.<\/p>\n\n\n\n<h2 class=\"wp-block-heading\"><strong>ECHTE QUALIT\u00c4T, KEIN RISIKO \u2013 PROBIERE ES AUS!<\/strong><\/h2>\n\n\n\n<p>Ein professionelles Shooting kostet normalerweise eine Menge Geld \u2013 hier kannst du es einfach\u00a0<strong>testen<\/strong>! Du bekommst die besten Bilder digital bearbeitet in voller Qualit\u00e4t. Ich suche regelm\u00e4\u00dfig neue Gesichter und frische Konzepte, also wenn du Lust hast, mit mir zusammenzuarbeiten, dann ist jetzt der perfekte Zeitpunkt. Ganz egal, ob du Erfahrung hast oder nicht \u2013 ich setze dich perfekt in Szene.<\/p>\n\n\n\n<h2 class=\"wp-block-heading\"><strong>JETZT BEWERBEN \u2013 BRING DEN VERTRAG MIT UND LOS GEHT\u2019S<\/strong><\/h2>\n\n\n\n<p>Um alles unkompliziert zu halten, findest du unten meinen&nbsp;<strong>TFP-Vertrag<\/strong>. Bitte lade ihn herunter, f\u00fclle ihn so weit wie m\u00f6glich aus und bring ihn zum Shooting mit \u2013 das spart uns beiden Zeit. Klicke auf den Button unten, um dich f\u00fcr ein kostenloses Shooting zu bewerben. Ich freue mich auf deine Anfrage!<\/p>\n\n\n\n<div style=\"height:23px\" aria-hidden=\"true\" class=\"wp-block-spacer\"><\/div>\n\n\n\n<div class=\"wp-block-columns is-not-stacked-on-mobile is-layout-flex wp-container-core-columns-is-layout-1 wp-block-columns-is-layout-flex\">\n<div class=\"wp-block-column is-layout-flow wp-block-column-is-layout-flow\">\n<div class=\"wp-block-buttons is-content-justification-right is-layout-flex wp-container-core-buttons-is-layout-1 wp-block-buttons-is-layout-flex\">\n<div class=\"wp-block-button\"><a class=\"wp-block-button__link has-text-align-center wp-element-button\" href=\"\/wp-content\/uploads\/TFP_Vertrag.pdf\">DOWNLOAD VERTRAG<\/a><\/div>\n<\/div>\n<\/div>\n\n\n\n<div class=\"wp-block-column is-layout-flow wp-block-column-is-layout-flow\">\n<div class=\"wp-block-buttons is-content-justification-left is-layout-flex wp-container-core-buttons-is-layout-2 wp-block-buttons-is-layout-flex\">\n<div class=\"wp-block-button\"><a class=\"wp-block-button__link has-dark-red-background-color has-background wp-element-button\" href=\"https:\/\/photo.bugajew.ski\/?page_id=86\">JETZT BEWERBEN<\/a><\/div>\n<\/div>\n<\/div>\n<\/div>\n\n\n\n<p><\/p>\n","protected":false},"excerpt":{"rendered":"<p>Du brauchst hochwertige Fotos, die dich ins beste Licht r\u00fccken? Ich biete regelm\u00e4\u00dfig&nbsp;kostenlose Test-Shootings&nbsp;an, um mein Portfolio weiter auszubauen. Egal, ob du Model bist, kreative Ideen hast oder einfach Lust auf starke Bilder \u2013 hier ist deine Chance, dich vor der Kamera auszuprobieren und erstklassige Aufnahmen zu bekommen. Du investierst nur deine Zeit, ich k\u00fcmmere&hellip;<\/p>\n","protected":false},"author":1,"featured_media":0,"parent":0,"menu_order":0,"comment_status":"closed","ping_status":"closed","template":"","meta":{"footnotes":""},"class_list":["post-9","page","type-page","status-publish","hentry","empty-entry-meta"],"jetpack_sharing_enabled":true,"_links":{"self":[{"href":"https:\/\/photo.bugajew.ski\/index.php?rest_route=\/wp\/v2\/pages\/9","targetHints":{"allow":["GET"]}}],"collection":[{"href":"https:\/\/photo.bugajew.ski\/index.php?rest_route=\/wp\/v2\/pages"}],"about":[{"href":"https:\/\/photo.bugajew.ski\/index.php?rest_route=\/wp\/v2\/types\/page"}],"author":[{"embeddable":true,"href":"https:\/\/photo.bugajew.ski\/index.php?rest_route=\/wp\/v2\/users\/1"}],"replies":[{"embeddable":true,"href":"https:\/\/photo.bugajew.ski\/index.php?rest_route=%2Fwp%2Fv2%2Fcomments&post=9"}],"version-history":[{"count":10,"href":"https:\/\/photo.bugajew.ski\/index.php?rest_route=\/wp\/v2\/pages\/9\/revisions"}],"predecessor-version":[{"id":185,"href":"https:\/\/photo.bugajew.ski\/index.php?rest_route=\/wp\/v2\/pages\/9\/revisions\/185"}],"wp:attachment":[{"href":"https:\/\/photo.bugajew.ski\/index.php?rest_route=%2Fwp%2Fv2%2Fmedia&parent=9"}],"curies":[{"name":"wp","href":"https:\/\/api.w.org\/{rel}","templated":true}]}}