{"id":86,"date":"2025-02-21T09:23:42","date_gmt":"2025-02-21T09:23:42","guid":{"rendered":"https:\/\/photo.bugajew.ski\/?page_id=86"},"modified":"2025-09-18T01:31:11","modified_gmt":"2025-09-18T01:31:11","slug":"kontakt","status":"publish","type":"page","link":"https:\/\/photo.bugajew.ski\/?page_id=86","title":{"rendered":"Kontakt"},"content":{"rendered":"<div class=\"wp-block-image\">\n<figure class=\"aligncenter size-large is-resized\"><img loading=\"lazy\" decoding=\"async\" width=\"683\" height=\"1024\" src=\"https:\/\/photo.bugajew.ski\/wp-content\/uploads\/2025\/02\/untitled-2-1-683x1024.jpg\" alt=\"\" class=\"wp-image-281\" style=\"width:350px;height:auto\" srcset=\"https:\/\/photo.bugajew.ski\/wp-content\/uploads\/2025\/02\/untitled-2-1-683x1024.jpg 683w, https:\/\/photo.bugajew.ski\/wp-content\/uploads\/2025\/02\/untitled-2-1-200x300.jpg 200w, https:\/\/photo.bugajew.ski\/wp-content\/uploads\/2025\/02\/untitled-2-1-768x1152.jpg 768w, https:\/\/photo.bugajew.ski\/wp-content\/uploads\/2025\/02\/untitled-2-1-1024x1536.jpg 1024w, https:\/\/photo.bugajew.ski\/wp-content\/uploads\/2025\/02\/untitled-2-1-800x1200.jpg 800w, https:\/\/photo.bugajew.ski\/wp-content\/uploads\/2025\/02\/untitled-2-1-120x180.jpg 120w, https:\/\/photo.bugajew.ski\/wp-content\/uploads\/2025\/02\/untitled-2-1.jpg 1100w\" sizes=\"auto, (max-width: 683px) 100vw, 683px\" \/><\/figure><\/div>\n\n<div class=\"wp-block-jetpack-contact-form\"><a href=\"https:\/\/photo.bugajew.ski\/?page_id=86\" target=\"_blank\" rel=\"noopener noreferrer\">Submit a form.<\/a><\/div>\n\n\n<div style=\"height:42px\" aria-hidden=\"true\" class=\"wp-block-spacer\"><\/div>\n\n\n\n<h2 class=\"wp-block-heading\"><strong>LASS UNS INS GESPR\u00c4CH KOMMEN<\/strong><\/h2>\n\n\n\n<p>Du m\u00f6chtest mehr \u00fcber dein pers\u00f6nliches Fotoshooting erfahren? Ich freue mich darauf, dich in meinem charmanten Home-Studio in Berlin-Sch\u00f6neberg kennenzulernen! Hier richten wir nach deinen W\u00fcnschen gemeinsam das perfekte Setting ein \u2013 bei einer Tasse Kaffee oder Tee besprechen wir ganz entspannt deine Vorstellungen und Ideen. Nat\u00fcrlich bin ich auch f\u00fcr Outdoor-Shootings oder Aufnahmen an deinem Wunschort verf\u00fcgbar.<\/p>\n\n\n\n<p>Da ich oft unterwegs bin und flexibel arbeite, vereinbaren wir am besten vorab einen Termin. Schreib mir einfach \u00fcber das Kontaktformular \u2013 ich melde mich dann zeitnah bei dir und wir finden gemeinsam den perfekten Zeitpunkt f\u00fcr unser Kennenlernen.<\/p>\n\n\n\n<h3 class=\"wp-block-heading\">SO FINDEST DU MICH<\/h3>\n\n\n\n<p><strong>Bugajewski Photography<\/strong><br>Kolonnenstra\u00dfe 7<br>10827 Berlin (Sch\u00f6neberg)<\/p>\n\n\n\n<p>Termine nach individueller Vereinbarung<\/p>\n\n\n\n<div id=\"map-consent\" class=\"map-consent\">\n  <p>Karte laden? Beim Laden werden Daten (z. B. IP) an Mapbox (USA) \u00fcbertragen.\n     <a href=\"\/?page_id=3\/\">Details<\/a><\/p>\n  <button id=\"map-accept\">Karte laden<\/button>\n<\/div>\n<div id=\"map\" style=\"display:none;height:400px;\"><\/div>\n\n<script>\n(function(){\n  var btn=document.getElementById('map-accept');\n  if(!btn) return;\n  btn.addEventListener('click', function () {\n    document.getElementById('map-consent').style.display='none';\n    document.getElementById('map').style.display='block';\n\n    Promise.all([\n      new Promise(function(r){var l=document.createElement('link');l.rel='stylesheet';\n        l.href='\/wp-content\/plugins\/jetpack\/_inc\/blocks\/editor-assets\/mapbox-gl-1.13.0.css';\n        l.onload=r; document.head.appendChild(l);}),\n      new Promise(function(r){var s=document.createElement('script');\n        s.src='\/wp-content\/plugins\/jetpack\/_inc\/blocks\/editor-assets\/mapbox-gl-1.13.0.js';\n        s.onload=r; document.head.appendChild(s);})\n    ]).then(function(){\n      mapboxgl.accessToken = 'pk.eyJ1IjoicmJ1Z2FqZXdza2kiLCJhIjoiY203ZWtxY3B1MDhvMTJrcXgxcWRtN3JmZCJ9.JuTaq7nVvuWxyUMGc9RL2Q';\n      var map = new mapboxgl.Map({\n        container:'map',\n        style:'mapbox:\/\/styles\/mapbox\/streets-v11',\n        center:[13.359571, 52.486318],\n        zoom:15\n      });\n      new mapboxgl.Marker({color:'red'})\n        .setLngLat([13.359571, 52.486318])\n        .setPopup(new mapboxgl.Popup().setText('Kolonnenstra\u00dfe 7, 10827 Berlin'))\n        .addTo(map);\n    });\n  });\n})();\n<\/script>\n\n\n\n<div style=\"height:23px\" aria-hidden=\"true\" class=\"wp-block-spacer\"><\/div>\n\n\n\n<p><strong><strong>Mit \u00f6ffentlichen Verkehrsmitteln:<\/strong><br><\/strong>Das Studio ist optimal an den \u00d6PNV angebunden. Die S-Bahn Station Julius-Leber-Br\u00fccke (S1) ist direkt vor der T\u00fcr. Dar\u00fcber hinaus ist die U-Bahn Station Kleistpark (U7) nur 5 Gehminuten entfernt. Alternativ erreichst du mich auch \u00fcber die Bushaltestelle Richard-von-Weizs\u00e4cker-Platz (M43, M48, M85, 106, 187, 204).<\/p>\n\n\n\n<p><strong>Mit dem Auto:<\/strong><br>Von der Stadtautobahn A100 nimmst du die Ausfahrt Sachsendamm \/ Sch\u00f6neberg. Folge der Beschilderung Richtung Sch\u00f6neberg und biege dann rechts in die Kolonnenstra\u00dfe ein. Parkm\u00f6glichkeiten findest du in den umliegenden Stra\u00dfen (Parkraumbewirtschaftung beachten!).<\/p>\n\n\n\n<h3 class=\"wp-block-heading has-text-align-center\">ICH FREUE MICH AUF DEINEN BESUCH!<\/h3>\n\n\n\n<p><\/p>\n","protected":false},"excerpt":{"rendered":"<p>LASS UNS INS GESPR\u00c4CH KOMMEN Du m\u00f6chtest mehr \u00fcber dein pers\u00f6nliches Fotoshooting erfahren? Ich freue mich darauf, dich in meinem charmanten Home-Studio in Berlin-Sch\u00f6neberg kennenzulernen! Hier richten wir nach deinen W\u00fcnschen gemeinsam das perfekte Setting ein \u2013 bei einer Tasse Kaffee oder Tee besprechen wir ganz entspannt deine Vorstellungen und Ideen. Nat\u00fcrlich bin ich auch&hellip;<\/p>\n","protected":false},"author":1,"featured_media":0,"parent":0,"menu_order":0,"comment_status":"closed","ping_status":"closed","template":"","meta":{"footnotes":"[]"},"class_list":["post-86","page","type-page","status-publish","hentry","empty-entry-meta"],"jetpack_sharing_enabled":true,"_links":{"self":[{"href":"https:\/\/photo.bugajew.ski\/index.php?rest_route=\/wp\/v2\/pages\/86","targetHints":{"allow":["GET"]}}],"collection":[{"href":"https:\/\/photo.bugajew.ski\/index.php?rest_route=\/wp\/v2\/pages"}],"about":[{"href":"https:\/\/photo.bugajew.ski\/index.php?rest_route=\/wp\/v2\/types\/page"}],"author":[{"embeddable":true,"href":"https:\/\/photo.bugajew.ski\/index.php?rest_route=\/wp\/v2\/users\/1"}],"replies":[{"embeddable":true,"href":"https:\/\/photo.bugajew.ski\/index.php?rest_route=%2Fwp%2Fv2%2Fcomments&post=86"}],"version-history":[{"count":21,"href":"https:\/\/photo.bugajew.ski\/index.php?rest_route=\/wp\/v2\/pages\/86\/revisions"}],"predecessor-version":[{"id":477,"href":"https:\/\/photo.bugajew.ski\/index.php?rest_route=\/wp\/v2\/pages\/86\/revisions\/477"}],"wp:attachment":[{"href":"https:\/\/photo.bugajew.ski\/index.php?rest_route=%2Fwp%2Fv2%2Fmedia&parent=86"}],"curies":[{"name":"wp","href":"https:\/\/api.w.org\/{rel}","templated":true}]}}