{"id":64,"date":"2025-02-21T09:11:00","date_gmt":"2025-02-21T09:11:00","guid":{"rendered":"https:\/\/photo.bugajew.ski\/?page_id=64"},"modified":"2025-03-04T17:04:41","modified_gmt":"2025-03-04T17:04:41","slug":"preise","status":"publish","type":"page","link":"https:\/\/photo.bugajew.ski\/?page_id=64","title":{"rendered":"Preisliste \/ Angebot"},"content":{"rendered":"\n<h4 class=\"wp-block-heading\">Preishinweis<\/h4>\n\n\n\n<p>Alle angegebenen Preise sind Bruttopreise und enthalten die gesetzliche Mehrwertsteuer. Die Rechnung wird mit ausgewiesener Umsatzsteuer ausgestellt.<\/p>\n\n\n\n<h2 class=\"wp-block-heading\"><strong>EVENT <\/strong>|<strong> KONZERT <\/strong>|<strong> FESTIVAL <\/strong>|<strong> HOCHZEIT <\/strong>|<strong> PRIVATE FEIER<\/strong><\/h2>\n\n\n\n<h3 class=\"wp-block-heading\"><strong>MOMENTS Paket<\/strong><\/h3>\n\n\n\n<p><strong>579 \u20ac<\/strong>&nbsp;| Perfekt f\u00fcr kleinere Events wie standesamtliche Trauungen, Seminare oder Vortr\u00e4ge.<\/p>\n\n\n\n<ul class=\"wp-block-list\">\n<li>Bis zu&nbsp;<strong>2 Stunden<\/strong>&nbsp;Vor-Ort-Begleitung<\/li>\n\n\n\n<li><strong>15 professionell bearbeitete Bilder<\/strong>&nbsp;(JPG, TIF oder PSD)<\/li>\n\n\n\n<li>Online-Galerie zur einfachen Bildauswahl<\/li>\n\n\n\n<li>Vorabgespr\u00e4ch zur individuellen Planung<\/li>\n\n\n\n<li><strong><strong>Anfahrt inklusive<\/strong><\/strong>&nbsp;innerhalb Berlin AB (bis 45 Minuten Anfahrtszeit)<\/li>\n\n\n\n<li>Dar\u00fcber hinaus:&nbsp;<strong>40 \u20ac pro volle Stunde Fahrzeit<\/strong>&nbsp;+ Fahrtkosten<\/li>\n<\/ul>\n\n\n\n<h3 class=\"wp-block-heading\"><strong>PREMIUM Paket<\/strong><\/h3>\n\n\n\n<p><strong>1.019 \u20ac<\/strong>&nbsp;| Ideal f\u00fcr regul\u00e4re Veranstaltungen, private Feiern, oder kleinere Firmenevents.<\/p>\n\n\n\n<ul class=\"wp-block-list\">\n<li>Bis zu&nbsp;<strong>4 Stunden<\/strong>&nbsp;Event-Dokumentation<\/li>\n\n\n\n<li><strong>35 professionell bearbeitete Bilder<\/strong>&nbsp;(JPG, TIF oder PSD)<\/li>\n\n\n\n<li>Online-Galerie zur einfachen Bildauswahl<\/li>\n\n\n\n<li>Vorabgespr\u00e4ch zur individuellen Planung<\/li>\n\n\n\n<li><strong><strong>Anfahrt inklusive<\/strong><\/strong>&nbsp;innerhalb Berlin AB (bis 45 Minuten Anfahrtszeit)<\/li>\n\n\n\n<li>Dar\u00fcber hinaus:&nbsp;<strong>40 \u20ac pro volle Stunde Fahrzeit<\/strong>&nbsp;+ Fahrtkosten<\/li>\n<\/ul>\n\n\n\n<h3 class=\"wp-block-heading\">ULTIMATE Paket<\/h3>\n\n\n\n<p><strong>1.999 \u20ac<\/strong>&nbsp;| Optimal f\u00fcr Festivals, Tagungen, Firmenevents oder Hochzeiten.<\/p>\n\n\n\n<ul class=\"wp-block-list\">\n<li>Bis zu&nbsp;<strong>8 Stunden<\/strong>&nbsp;Event-Begleitung<\/li>\n\n\n\n<li><strong>75 professionell bearbeitete Bilder<\/strong>&nbsp;(JPG, TIF oder PSD)<\/li>\n\n\n\n<li>Online-Galerie zur einfachen Bildauswahl<\/li>\n\n\n\n<li>Vorabgespr\u00e4ch zur individuellen Planung<\/li>\n\n\n\n<li><strong><strong>Anfahrt inklusive<\/strong><\/strong>&nbsp;innerhalb Berlin AB (bis 45 Minuten Anfahrtszeit)<\/li>\n\n\n\n<li>Dar\u00fcber hinaus:&nbsp;<strong>40 \u20ac pro volle Stunde Fahrzeit<\/strong>&nbsp;+ Fahrtkosten<\/li>\n<\/ul>\n\n\n\n<h3 class=\"wp-block-heading\">EXCLUSIVE Paket<\/h3>\n\n\n\n<p><strong>Preis auf Anfrage<\/strong> | F\u00fcr mehrt\u00e4gige Veranstaltungen wie Festivals, Messen oder Retreats.<\/p>\n\n\n\n<ul class=\"wp-block-list\">\n<li>Abh\u00e4ngig von Dauer, Umfang, Anzahl der Bilder &amp; Anreise<\/li>\n\n\n\n<li><strong>Unterkunft und Verpflegung sollten gestellt werden<\/strong><\/li>\n\n\n\n<li>Individuelle Angebote <a href=\"https:\/\/photo.bugajew.ski\/?page_id=86\" data-type=\"page\" data-id=\"86\">auf Anfrage<\/a><\/li>\n<\/ul>\n\n\n\n<div style=\"height:23px\" aria-hidden=\"true\" class=\"wp-block-spacer\"><\/div>\n\n\n\n<div class=\"wp-block-buttons is-content-justification-center is-layout-flex wp-container-core-buttons-is-layout-1 wp-block-buttons-is-layout-flex\">\n<div class=\"wp-block-button\"><a class=\"wp-block-button__link has-dark-red-background-color has-background has-text-align-center wp-element-button\" href=\"\/?page_id=86\">Termin ANFRAGEN<\/a><\/div>\n<\/div>\n\n\n\n<div style=\"height:42px\" aria-hidden=\"true\" class=\"wp-block-spacer\"><\/div>\n\n\n\n<h2 class=\"wp-block-heading\"><strong>PORTRAIT <\/strong>|<strong> MARKETING <\/strong>|<strong> PERSONAL BRANDING<\/strong><\/h2>\n\n\n\n<h3 class=\"wp-block-heading\">STARTER Paket<\/h3>\n\n\n\n<p><strong>249 \u20ac<\/strong>&nbsp;| Ideal f\u00fcr schnelle, professionelle Portr\u00e4ts.<\/p>\n\n\n\n<ul class=\"wp-block-list\">\n<li><strong>1 Stunde<\/strong>&nbsp;Shooting im Studio, Outdoor oder On-Location<\/li>\n\n\n\n<li><strong>5 bearbeitete Bilder<\/strong>&nbsp;(JPG, TIF oder PSD)<\/li>\n\n\n\n<li>2 Outfits m\u00f6glich, bis zu 2 Hintergr\u00fcnde<\/li>\n\n\n\n<li>Online-Galerie zur Auswahl<\/li>\n\n\n\n<li>Vorabgespr\u00e4ch zur Vorbereitung<\/li>\n\n\n\n<li><strong><strong>Anfahrt inklusive<\/strong><\/strong>&nbsp;innerhalb Berlin AB (bis 45 Minuten Anfahrtszeit)<\/li>\n\n\n\n<li>Dar\u00fcber hinaus:&nbsp;<strong>40 \u20ac pro volle Stunde Fahrzeit<\/strong>&nbsp;+ Fahrtkosten<\/li>\n<\/ul>\n\n\n\n<h3 class=\"wp-block-heading\">PRO Paket<\/h3>\n\n\n\n<p><strong>499 \u20ac<\/strong>&nbsp;| Perfekt f\u00fcr Business-Headshots &amp; Personal Branding.<\/p>\n\n\n\n<ul class=\"wp-block-list\">\n<li><strong>2 Stunden<\/strong>&nbsp;Shooting im Studio, Outdoor oder On-Location<\/li>\n\n\n\n<li><strong>13 bearbeitete Bilder<\/strong>&nbsp;(JPG, TIF oder PSD)<\/li>\n\n\n\n<li>3 Outfits m\u00f6glich, bis zu 2 Hintergr\u00fcnde<\/li>\n\n\n\n<li>Online-Galerie zur Auswahl<\/li>\n\n\n\n<li>Vorabgespr\u00e4ch zur Vorbereitung<\/li>\n\n\n\n<li><strong><strong>Anfahrt inklusive<\/strong><\/strong>&nbsp;innerhalb Berlin AB (bis 45 Minuten Anfahrtszeit)<\/li>\n\n\n\n<li>Dar\u00fcber hinaus:&nbsp;<strong>40 \u20ac pro volle Stunde Fahrzeit<\/strong>&nbsp;+ Fahrtkosten<\/li>\n<\/ul>\n\n\n\n<h3 class=\"wp-block-heading\">ELITE Paket<\/h3>\n\n\n\n<p><strong>749 \u20ac<\/strong>&nbsp;| F\u00fcr professionelle und kreative Portr\u00e4t-Sessions.<\/p>\n\n\n\n<ul class=\"wp-block-list\">\n<li><strong>3 Stunden<\/strong>&nbsp;Shooting im Studio, Outdoor oder On-Location<\/li>\n\n\n\n<li><strong>20 bearbeitete Bilder<\/strong>&nbsp;(JPG, TIF oder PSD)<\/li>\n\n\n\n<li>4 Outfits m\u00f6glich, bis zu 3 Hintergr\u00fcnde<\/li>\n\n\n\n<li>Online-Galerie zur Auswahl<\/li>\n\n\n\n<li>Vorabgespr\u00e4ch zur Vorbereitung<\/li>\n\n\n\n<li><strong><strong>Anfahrt inklusive<\/strong><\/strong>&nbsp;innerhalb Berlin AB (bis 45 Minuten Anfahrtszeit)<\/li>\n\n\n\n<li>Dar\u00fcber hinaus:&nbsp;<strong>40 \u20ac pro volle Stunde Fahrzeit<\/strong>&nbsp;+ Fahrtkosten<\/li>\n<\/ul>\n\n\n\n<div style=\"height:23px\" aria-hidden=\"true\" class=\"wp-block-spacer\"><\/div>\n\n\n\n<div class=\"wp-block-buttons is-content-justification-center is-layout-flex wp-container-core-buttons-is-layout-2 wp-block-buttons-is-layout-flex\">\n<div class=\"wp-block-button\"><a class=\"wp-block-button__link has-dark-red-background-color has-background has-text-align-center wp-element-button\" href=\"\/?page_id=86\">Termin ANFRAGEN<\/a><\/div>\n<\/div>\n\n\n\n<div style=\"height:42px\" aria-hidden=\"true\" class=\"wp-block-spacer\"><\/div>\n\n\n\n<h2 class=\"wp-block-heading\"><strong>KREATIVE SHOOTINGS <\/strong>|<strong> FASHION | <strong>EDITORIAL<\/strong> <\/strong>|<strong> FINE ART <\/strong>|<strong> FOOD<\/strong><\/h2>\n\n\n\n<h3 class=\"wp-block-heading\"><strong>VISION Paket<\/strong><\/h3>\n\n\n\n<p><strong>599 \u20ac<\/strong>&nbsp;| Dein Einstieg in die Welt der kreativen Fotografie.<\/p>\n\n\n\n<ul class=\"wp-block-list\">\n<li><strong>1,5 Stunden<\/strong>&nbsp;Shooting<\/li>\n\n\n\n<li><strong>8 professionell bearbeitete Bilder<\/strong>&nbsp;(JPG, TIF oder PSD)<\/li>\n\n\n\n<li>Bis zu 2 Settings, <strong>1 Stunde<\/strong>&nbsp;f\u00fcr Vorbereitung inklusive<\/li>\n\n\n\n<li>Online-Galerie zur Auswahl<\/li>\n\n\n\n<li>Vorabgespr\u00e4ch<\/li>\n\n\n\n<li><strong>Anfahrt inklusive<\/strong>&nbsp;innerhalb Berlin AB (bis 45 Minuten Anfahrtszeit)<\/li>\n\n\n\n<li>Dar\u00fcber hinaus:&nbsp;<strong>40 \u20ac pro volle Stunde Fahrzeit<\/strong>&nbsp;+ Fahrtkosten<\/li>\n<\/ul>\n\n\n\n<h3 class=\"wp-block-heading\">SIGNATURE SERIES Paket<\/h3>\n\n\n\n<p><strong>1.599 \u20ac<\/strong>&nbsp;| Mehr Zeit f\u00fcr individuelle Konzepte und kreative Entfaltung.<\/p>\n\n\n\n<ul class=\"wp-block-list\">\n<li><strong>3,5 Stunden<\/strong>&nbsp;Shooting<\/li>\n\n\n\n<li><strong>20 <strong>professionell<\/strong><\/strong> <strong>bearbeitete Bilder<\/strong>&nbsp;(JPG, TIF oder PSD)<\/li>\n\n\n\n<li>Bis zu 3 Settings, <strong>1 Stunde<\/strong>&nbsp;f\u00fcr Vorbereitung inklusive<\/li>\n\n\n\n<li>Online-Galerie zur <strong>Express-Auswahl<\/strong> (48h Preview-Galerie)<\/li>\n\n\n\n<li>Detailliertes Vorabgespr\u00e4ch zur kreativen Planung<\/li>\n\n\n\n<li><strong>2 Fine Art Prints inklusive<\/strong> (30x45cm auf Hahnem\u00fchle Papier)<\/li>\n\n\n\n<li><strong><strong>Anfahrt inklusive<\/strong><\/strong>&nbsp;innerhalb Berlin AB (bis 45 Minuten Anfahrtszeit)<\/li>\n\n\n\n<li>Dar\u00fcber hinaus:&nbsp;<strong>40 \u20ac pro volle Stunde Fahrzeit<\/strong>&nbsp;+ Fahrtkosten<\/li>\n<\/ul>\n\n\n\n<hr class=\"wp-block-separator has-alpha-channel-opacity\"\/>\n\n\n\n<h3 class=\"wp-block-heading\"><strong>COUTURE COLLECTION Paket<\/strong><\/h3>\n\n\n\n<p><strong>5.199 \u20ac<\/strong>&nbsp;| High-End Shoot ohne Limits f\u00fcr Magazine, Kampagnen oder Fine Art Projekte.<\/p>\n\n\n\n<ul class=\"wp-block-list\">\n<li><strong>8 Stunden<\/strong>&nbsp;Full-Day Shooting mit flexiblem Zeitplan<\/li>\n\n\n\n<li><strong>42 bearbeitete Bilder<\/strong>, Premium-Bildveredelung in <strong>Magazinqualit\u00e4t<\/strong>&nbsp;(JPG, TIF oder PSD)<\/li>\n\n\n\n<li>Zahlreiche unterschiedliche Settings m\u00f6glich, Vorbereitung inklusive<\/li>\n\n\n\n<li>Online-Galerie zur <strong>Express-Auswahl<\/strong> (48h Preview-Galerie)<\/li>\n\n\n\n<li><strong>Same-Day Preview<\/strong> von 5 Highlight-Bildern<\/li>\n\n\n\n<li>Detailliertes Vorabgespr\u00e4ch zur kreativen Planung<\/li>\n\n\n\n<li>Pers\u00f6nliches <strong>Photo Book Design inklusive<\/strong><\/li>\n\n\n\n<li><strong>5 Fine Art Prints inklusive<\/strong> (40x60cm auf Hahnem\u00fchle Papier in Leinen-Box)<\/li>\n\n\n\n<li><strong>Assistent \/ Second Shooter inklusive<\/strong><\/li>\n\n\n\n<li><strong><strong>Anfahrt inklusive<\/strong><\/strong>&nbsp;innerhalb Berlin AB (bis 45 Minuten Anfahrtszeit)<\/li>\n\n\n\n<li>Dar\u00fcber hinaus:&nbsp;<strong>40 \u20ac pro volle Stunde Fahrzeit<\/strong>&nbsp;+ Fahrtkosten<\/li>\n<\/ul>\n\n\n\n<div style=\"height:23px\" aria-hidden=\"true\" class=\"wp-block-spacer\"><\/div>\n\n\n\n<div class=\"wp-block-buttons is-content-justification-center is-layout-flex wp-container-core-buttons-is-layout-3 wp-block-buttons-is-layout-flex\">\n<div class=\"wp-block-button\"><a class=\"wp-block-button__link has-dark-red-background-color has-background has-text-align-center wp-element-button\" href=\"\/?page_id=86\">Termin ANFRAGEN<\/a><\/div>\n<\/div>\n\n\n\n<div style=\"height:42px\" aria-hidden=\"true\" class=\"wp-block-spacer\"><\/div>\n\n\n\n<h2 class=\"wp-block-heading\">EXTRAS (ALLE PAKETE)<\/h2>\n\n\n\n<ul class=\"wp-block-list\">\n<li><strong>Weitere Bilddateien:<\/strong>&nbsp;45 \u20ac pro Datei (ab 7 Bildern: 40 \u20ac pro Datei, ab 13 Bildern: 35 \u20ac pro Datei)<\/li>\n\n\n\n<li><strong>Haut- &amp; Feinanpassungen:<\/strong>&nbsp;59 \u20ac pro Datei (ab 7 Bildern: 49 \u20ac pro Datei)<\/li>\n\n\n\n<li><strong>24h Rush Editing:<\/strong> +40% auf Paketpreis<\/li>\n\n\n\n<li><strong>Pers\u00f6nliche Photo Box mit USB:<\/strong> 299 \u20ac<\/li>\n\n\n\n<li><strong>Pre-Shoot Creative Workshop (2h):<\/strong> 349 \u20ac<\/li>\n\n\n\n<li><strong>Assistent \/ Second Shooter:<\/strong> 399 \u20ac \/ Tag<\/li>\n<\/ul>\n\n\n\n<h2 class=\"wp-block-heading\">ABLAUF<\/h2>\n\n\n\n<p>Vor jedem Shooting findet ein&nbsp;<strong>pers\u00f6nliches oder telefonisches Vorgespr\u00e4ch<\/strong>&nbsp;statt, um W\u00fcnsche und Stil zu kl\u00e4ren. Nach dem Shooting werden die besten Aufnahmen in einer<strong> Online-Web-Galerie zur Auswahl<\/strong>&nbsp;bereitgestellt. Die bearbeiteten Bilder werden innerhalb von ca.<strong> 4-7 Tagen<\/strong>&nbsp;hochaufl\u00f6send (JPG, TIF oder PSD) sowie in einer weboptimierten Version zur Verf\u00fcgung gestellt.<\/p>\n\n\n\n<h2 class=\"wp-block-heading\">TECHNISCHE DETAILS<\/h2>\n\n\n\n<ul class=\"wp-block-list\">\n<li>Dank meiner umfangreichen Erfahrung mit unterschiedlichen Kameras und Objektiven w\u00e4hlen wir gemeinsam im Vorgespr\u00e4ch die optimale Ausr\u00fcstung f\u00fcr beste Bildqualit\u00e4t.<\/li>\n\n\n\n<li>Maximale Bildaufl\u00f6sung&nbsp;<strong>bis zu 9000 x 6750 Pixel<\/strong>.<\/li>\n\n\n\n<li>Hochwertige Bildbearbeitung f\u00fcr perfekte Ergebnisse.<\/li>\n<\/ul>\n\n\n\n<p><strong>F\u00fcr individuelle Anfragen und Sonderw\u00fcnsche einfach kontaktieren!<\/strong><\/p>\n\n\n\n<div style=\"height:23px\" aria-hidden=\"true\" class=\"wp-block-spacer\"><\/div>\n\n\n\n<div class=\"wp-block-buttons is-content-justification-center is-layout-flex wp-container-core-buttons-is-layout-4 wp-block-buttons-is-layout-flex\">\n<div class=\"wp-block-button\"><a class=\"wp-block-button__link has-dark-red-background-color has-background has-text-align-center wp-element-button\" href=\"\/?page_id=86\">Termin ANFRAGEN<\/a><\/div>\n<\/div>\n\n\n\n<p><\/p>\n","protected":false},"excerpt":{"rendered":"<p>Preishinweis Alle angegebenen Preise sind Bruttopreise und enthalten die gesetzliche Mehrwertsteuer. Die Rechnung wird mit ausgewiesener Umsatzsteuer ausgestellt. EVENT | KONZERT | FESTIVAL | HOCHZEIT | PRIVATE FEIER MOMENTS Paket 579 \u20ac&nbsp;| Perfekt f\u00fcr kleinere Events wie standesamtliche Trauungen, Seminare oder Vortr\u00e4ge. PREMIUM Paket 1.019 \u20ac&nbsp;| Ideal f\u00fcr regul\u00e4re Veranstaltungen, private Feiern, oder kleinere Firmenevents.&hellip;<\/p>\n","protected":false},"author":1,"featured_media":0,"parent":0,"menu_order":0,"comment_status":"closed","ping_status":"closed","template":"","meta":{"footnotes":""},"class_list":["post-64","page","type-page","status-publish","hentry","empty-entry-meta"],"jetpack_sharing_enabled":true,"_links":{"self":[{"href":"https:\/\/photo.bugajew.ski\/index.php?rest_route=\/wp\/v2\/pages\/64","targetHints":{"allow":["GET"]}}],"collection":[{"href":"https:\/\/photo.bugajew.ski\/index.php?rest_route=\/wp\/v2\/pages"}],"about":[{"href":"https:\/\/photo.bugajew.ski\/index.php?rest_route=\/wp\/v2\/types\/page"}],"author":[{"embeddable":true,"href":"https:\/\/photo.bugajew.ski\/index.php?rest_route=\/wp\/v2\/users\/1"}],"replies":[{"embeddable":true,"href":"https:\/\/photo.bugajew.ski\/index.php?rest_route=%2Fwp%2Fv2%2Fcomments&post=64"}],"version-history":[{"count":35,"href":"https:\/\/photo.bugajew.ski\/index.php?rest_route=\/wp\/v2\/pages\/64\/revisions"}],"predecessor-version":[{"id":467,"href":"https:\/\/photo.bugajew.ski\/index.php?rest_route=\/wp\/v2\/pages\/64\/revisions\/467"}],"wp:attachment":[{"href":"https:\/\/photo.bugajew.ski\/index.php?rest_route=%2Fwp%2Fv2%2Fmedia&parent=64"}],"curies":[{"name":"wp","href":"https:\/\/api.w.org\/{rel}","templated":true}]}}