{"id":57,"date":"2025-02-21T09:02:41","date_gmt":"2025-02-21T09:02:41","guid":{"rendered":"https:\/\/photo.bugajew.ski\/?page_id=57"},"modified":"2025-03-02T02:33:26","modified_gmt":"2025-03-02T02:33:26","slug":"berlin-fotograf","status":"publish","type":"page","link":"https:\/\/photo.bugajew.ski\/?page_id=57","title":{"rendered":"Berlin Fotograf"},"content":{"rendered":"\n<figure class=\"wp-block-image size-large\"><img loading=\"lazy\" decoding=\"async\" width=\"1024\" height=\"682\" src=\"https:\/\/photo.bugajew.ski\/wp-content\/uploads\/2025\/02\/untitled-1-1-1024x682.jpg\" alt=\"\" class=\"wp-image-280\" srcset=\"https:\/\/photo.bugajew.ski\/wp-content\/uploads\/2025\/02\/untitled-1-1-1024x682.jpg 1024w, https:\/\/photo.bugajew.ski\/wp-content\/uploads\/2025\/02\/untitled-1-1-300x200.jpg 300w, https:\/\/photo.bugajew.ski\/wp-content\/uploads\/2025\/02\/untitled-1-1-768x512.jpg 768w, https:\/\/photo.bugajew.ski\/wp-content\/uploads\/2025\/02\/untitled-1-1-800x533.jpg 800w, https:\/\/photo.bugajew.ski\/wp-content\/uploads\/2025\/02\/untitled-1-1-270x180.jpg 270w, https:\/\/photo.bugajew.ski\/wp-content\/uploads\/2025\/02\/untitled-1-1.jpg 1100w\" sizes=\"auto, (max-width: 1024px) 100vw, 1024px\" \/><\/figure>\n\n\n\n<p>Als <strong>erfahrener Fotograf<\/strong> begann mein Weg im Bereich Webdesign, erg\u00e4nzt durch Foto- und Videoarbeiten. Diese vielseitige Grundlage formte meinen <strong>Blick f\u00fcr \u00c4sthetik und Komposition<\/strong>. Mit der Zeit kristallisierte sich die Fotografie als Zentrum meines k\u00fcnstlerischen Ausdrucks heraus \u2013 eine nat\u00fcrliche Evolution, die mich dazu f\u00fchrte, den Fokus meiner Arbeit zu verlagern und meine fotografische Sprache zu verfeinern.<\/p>\n\n\n\n<p>Im <strong>Pulsschlag Berlins<\/strong> finde ich als <strong>Event- und Portraitfotograf<\/strong> meine Bestimmung darin, fl\u00fcchtige Momente in zeitlose Bilder zu transformieren und die Essenz meiner Subjekte authentisch einzufangen. Ob in der Dynamik <strong>lebhafter Veranstaltungen<\/strong> oder in der intimen Atmosph\u00e4re von <strong>Portraitsitzungen<\/strong> \u2013 ich erschaffe <strong>visuelle Narrative<\/strong> und halte Erinnerungen fest, die den Moment \u00fcberdauern.<\/p>\n\n\n\n<p>Durch meine Wurzeln im Design und in der Technik lege ich gro\u00dfen Wert auf <strong>qualitativ hochwertige Ausr\u00fcstung<\/strong>, die es mir erm\u00f6glicht, professionelle Ergebnisse auf h\u00f6chstem Niveau zu erzielen. F\u00fcr jeden Einsatzzweck finde ich dank meiner langj\u00e4hrigen Erfahrung das optimale Equipment. Die <strong>Kombination aus technischem Know-how und kreativem Auge <\/strong>erlaubt es mir, selbst komplexe fotografische Herausforderungen souver\u00e4n zu meistern.<\/p>\n\n\n\n<p>Meine <strong>fotografische Vision<\/strong> wurde stark von <strong>Meistern der Fotografie wie Henri Cartier-Bresson und Josef Koudelka<\/strong> gepr\u00e4gt. Cartier-Bressons Konzept des &#8220;entscheidenden Moments&#8221; und Koudelkas kraftvolle visuelle Sprache haben meine Herangehensweise an die Fotografie tiefgreifend beeinflusst. Ihre F\u00e4higkeit, das Allt\u00e4gliche in etwas Au\u00dfergew\u00f6hnliches zu verwandeln, inspiriert mich t\u00e4glich dazu, die Welt um mich herum mit frischen Augen zu betrachten und meine eigene fotografische Handschrift weiterzuentwickeln.<\/p>\n\n\n\n<p><\/p>\n","protected":false},"excerpt":{"rendered":"<p>Als erfahrener Fotograf begann mein Weg im Bereich Webdesign, erg\u00e4nzt durch Foto- und Videoarbeiten. Diese vielseitige Grundlage formte meinen Blick f\u00fcr \u00c4sthetik und Komposition. Mit der Zeit kristallisierte sich die Fotografie als Zentrum meines k\u00fcnstlerischen Ausdrucks heraus \u2013 eine nat\u00fcrliche Evolution, die mich dazu f\u00fchrte, den Fokus meiner Arbeit zu verlagern und meine fotografische Sprache&hellip;<\/p>\n","protected":false},"author":1,"featured_media":0,"parent":0,"menu_order":0,"comment_status":"closed","ping_status":"closed","template":"","meta":{"footnotes":""},"class_list":["post-57","page","type-page","status-publish","hentry","empty-entry-meta"],"jetpack_sharing_enabled":true,"_links":{"self":[{"href":"https:\/\/photo.bugajew.ski\/index.php?rest_route=\/wp\/v2\/pages\/57","targetHints":{"allow":["GET"]}}],"collection":[{"href":"https:\/\/photo.bugajew.ski\/index.php?rest_route=\/wp\/v2\/pages"}],"about":[{"href":"https:\/\/photo.bugajew.ski\/index.php?rest_route=\/wp\/v2\/types\/page"}],"author":[{"embeddable":true,"href":"https:\/\/photo.bugajew.ski\/index.php?rest_route=\/wp\/v2\/users\/1"}],"replies":[{"embeddable":true,"href":"https:\/\/photo.bugajew.ski\/index.php?rest_route=%2Fwp%2Fv2%2Fcomments&post=57"}],"version-history":[{"count":7,"href":"https:\/\/photo.bugajew.ski\/index.php?rest_route=\/wp\/v2\/pages\/57\/revisions"}],"predecessor-version":[{"id":451,"href":"https:\/\/photo.bugajew.ski\/index.php?rest_route=\/wp\/v2\/pages\/57\/revisions\/451"}],"wp:attachment":[{"href":"https:\/\/photo.bugajew.ski\/index.php?rest_route=%2Fwp%2Fv2%2Fmedia&parent=57"}],"curies":[{"name":"wp","href":"https:\/\/api.w.org\/{rel}","templated":true}]}}