{"id":23,"date":"2025-02-20T23:04:31","date_gmt":"2025-02-20T23:04:31","guid":{"rendered":"https:\/\/photo.bugajew.ski\/?page_id=23"},"modified":"2025-03-04T14:22:13","modified_gmt":"2025-03-04T14:22:13","slug":"portfolio","status":"publish","type":"page","link":"https:\/\/photo.bugajew.ski\/","title":{"rendered":""},"content":{"rendered":"\n<div class=\"wp-block-columns is-layout-flex wp-container-core-columns-is-layout-1 wp-block-columns-is-layout-flex\">\n<div class=\"wp-block-column is-layout-flow wp-block-column-is-layout-flow\">\n<div class=\"wp-block-group is-vertical is-layout-flex wp-container-core-group-is-layout-1 wp-block-group-is-layout-flex\">\n<figure class=\"wp-block-image size-large\"><a href=\"\/?portfolio=event-portrat\"><img loading=\"lazy\" decoding=\"async\" width=\"768\" height=\"1024\" src=\"https:\/\/photo.bugajew.ski\/wp-content\/uploads\/2025\/02\/untitled-1-3-768x1024.jpg\" alt=\"\" class=\"wp-image-323\" srcset=\"https:\/\/photo.bugajew.ski\/wp-content\/uploads\/2025\/02\/untitled-1-3-768x1024.jpg 768w, https:\/\/photo.bugajew.ski\/wp-content\/uploads\/2025\/02\/untitled-1-3-225x300.jpg 225w, https:\/\/photo.bugajew.ski\/wp-content\/uploads\/2025\/02\/untitled-1-3-800x1067.jpg 800w, https:\/\/photo.bugajew.ski\/wp-content\/uploads\/2025\/02\/untitled-1-3-135x180.jpg 135w, https:\/\/photo.bugajew.ski\/wp-content\/uploads\/2025\/02\/untitled-1-3.jpg 1100w\" sizes=\"auto, (max-width: 768px) 100vw, 768px\" \/><\/a><\/figure>\n<\/div>\n\n\n\n<div style=\"height:23px\" aria-hidden=\"true\" class=\"wp-block-spacer\"><\/div>\n\n\n\n<h3 class=\"wp-block-heading has-text-align-center\"><a href=\"\/?portfolio=event-portrat\">EVENT &amp; PORTR\u00c4T<\/a><\/h3>\n<\/div>\n\n\n\n<div class=\"wp-block-column is-layout-flow wp-block-column-is-layout-flow\">\n<div class=\"wp-block-group is-vertical is-layout-flex wp-container-core-group-is-layout-2 wp-block-group-is-layout-flex\">\n<figure class=\"wp-block-image size-large\"><a href=\"\/?portfolio=documentary\"><img loading=\"lazy\" decoding=\"async\" width=\"768\" height=\"1024\" src=\"https:\/\/photo.bugajew.ski\/wp-content\/uploads\/2025\/02\/untitled-6-768x1024.jpg\" alt=\"\" class=\"wp-image-198\" srcset=\"https:\/\/photo.bugajew.ski\/wp-content\/uploads\/2025\/02\/untitled-6-768x1024.jpg 768w, https:\/\/photo.bugajew.ski\/wp-content\/uploads\/2025\/02\/untitled-6-225x300.jpg 225w, https:\/\/photo.bugajew.ski\/wp-content\/uploads\/2025\/02\/untitled-6-800x1067.jpg 800w, https:\/\/photo.bugajew.ski\/wp-content\/uploads\/2025\/02\/untitled-6-135x180.jpg 135w, https:\/\/photo.bugajew.ski\/wp-content\/uploads\/2025\/02\/untitled-6.jpg 1100w\" sizes=\"auto, (max-width: 768px) 100vw, 768px\" \/><\/a><\/figure>\n<\/div>\n\n\n\n<div style=\"height:23px\" aria-hidden=\"true\" class=\"wp-block-spacer\"><\/div>\n\n\n\n<h3 class=\"wp-block-heading has-text-align-center\"><a href=\"\/?portfolio=documentary\">DOCUMENTARY<\/a><\/h3>\n<\/div>\n<\/div>\n\n\n\n<div style=\"height:42px\" aria-hidden=\"true\" class=\"wp-block-spacer\"><\/div>\n\n\n\n<h2 class=\"wp-block-heading\">WAS ANDERE SAGEN<\/h2>\n\n\n\n<div class=\"wp-block-columns is-layout-flex wp-container-core-columns-is-layout-2 wp-block-columns-is-layout-flex\">\n<div class=\"wp-block-column is-layout-flow wp-block-column-is-layout-flow\">\n<p>\u201eDie Portraitfotos von Rafael sind einfach der Wahnsinn! Er schafft es, eine entspannte Atmosph\u00e4re zu erzeugen, sodass man sich vor der Kamera wohlf\u00fchlt. Die Ergebnisse waren genau das, was ich mir vorgestellt habe \u2013 professionell, nat\u00fcrlich und mit dem gewissen Etwas!\u201c<\/p>\n\n\n\n<h4 class=\"wp-block-heading\"><i class=\"bi bi-person-circle\" style=\"color:#B44738;padding-right:10px;\"><\/i> Alejandro<\/h4>\n<\/div>\n\n\n\n<div class=\"wp-block-column is-layout-flow wp-block-column-is-layout-flow\">\n<p>\u201eIch habe Rafael f\u00fcr ein Konzertshooting gebucht, und was soll ich sagen? Die Bilder haben eine unglaubliche Energie! Er hat es geschafft, die Stimmung und das B\u00fchnenlicht perfekt in Szene zu setzen. Super zuverl\u00e4ssig, kreativ und schnell in der Bearbeitung.\u201c<\/p>\n\n\n\n<h4 class=\"wp-block-heading\"><i class=\"bi bi-person-circle\" style=\"color:#38B447;padding-right:10px;\"><\/i> Alvaro<\/h4>\n<\/div>\n\n\n\n<div class=\"wp-block-column is-layout-flow wp-block-column-is-layout-flow\">\n<p>\u201eRafael hat mit seinen Fotos die Atmosph\u00e4re unseres Kirchen-Events perfekt eingefangen. Jede Aufnahme erz\u00e4hlt eine Geschichte, voller Emotionen und authentischer Momente. Absolut professionell und mit einem Auge f\u00fcr Details \u2013 ich kann ihn nur empfehlen!\u201c<\/p>\n\n\n\n<h4 class=\"wp-block-heading\"><i class=\"bi bi-person-circle\" style=\"color:#3856B4;padding-right:10px;\"><\/i> Kamila<\/h4>\n<\/div>\n<\/div>\n\n\n\n<div style=\"height:42px\" aria-hidden=\"true\" class=\"wp-block-spacer\"><\/div>\n\n\n\n<div class=\"wp-block-columns is-not-stacked-on-mobile is-layout-flex wp-container-core-columns-is-layout-3 wp-block-columns-is-layout-flex\">\n<div class=\"wp-block-column is-layout-flow wp-block-column-is-layout-flow\">\n<div class=\"wp-block-buttons is-content-justification-right is-layout-flex wp-container-core-buttons-is-layout-1 wp-block-buttons-is-layout-flex\">\n<div class=\"wp-block-button\"><a class=\"wp-block-button__link has-dark-red-background-color has-background has-text-align-center wp-element-button\" href=\"\/?page_id=86\">TERMIN ANFRAGEN<\/a><\/div>\n<\/div>\n<\/div>\n\n\n\n<div class=\"wp-block-column is-layout-flow wp-block-column-is-layout-flow\">\n<div class=\"wp-block-buttons is-layout-flex wp-block-buttons-is-layout-flex\">\n<div class=\"wp-block-button\"><a class=\"wp-block-button__link has-text-align-center wp-element-button\" href=\"\/?page_id=9\">KOstenloses shooting<\/a><\/div>\n<\/div>\n<\/div>\n<\/div>\n\n\n\n<p><\/p>\n","protected":false},"excerpt":{"rendered":"<p>EVENT &amp; PORTR\u00c4T DOCUMENTARY WAS ANDERE SAGEN \u201eDie Portraitfotos von Rafael sind einfach der Wahnsinn! Er schafft es, eine entspannte Atmosph\u00e4re zu erzeugen, sodass man sich vor der Kamera wohlf\u00fchlt. Die Ergebnisse waren genau das, was ich mir vorgestellt habe \u2013 professionell, nat\u00fcrlich und mit dem gewissen Etwas!\u201c Alejandro \u201eIch habe Rafael f\u00fcr ein Konzertshooting&hellip;<\/p>\n","protected":false},"author":1,"featured_media":0,"parent":0,"menu_order":0,"comment_status":"closed","ping_status":"closed","template":"page-templates\/portfolio-page.php","meta":{"footnotes":""},"class_list":["post-23","page","type-page","status-publish","hentry","empty-entry-meta"],"jetpack_sharing_enabled":true,"_links":{"self":[{"href":"https:\/\/photo.bugajew.ski\/index.php?rest_route=\/wp\/v2\/pages\/23","targetHints":{"allow":["GET"]}}],"collection":[{"href":"https:\/\/photo.bugajew.ski\/index.php?rest_route=\/wp\/v2\/pages"}],"about":[{"href":"https:\/\/photo.bugajew.ski\/index.php?rest_route=\/wp\/v2\/types\/page"}],"author":[{"embeddable":true,"href":"https:\/\/photo.bugajew.ski\/index.php?rest_route=\/wp\/v2\/users\/1"}],"replies":[{"embeddable":true,"href":"https:\/\/photo.bugajew.ski\/index.php?rest_route=%2Fwp%2Fv2%2Fcomments&post=23"}],"version-history":[{"count":41,"href":"https:\/\/photo.bugajew.ski\/index.php?rest_route=\/wp\/v2\/pages\/23\/revisions"}],"predecessor-version":[{"id":461,"href":"https:\/\/photo.bugajew.ski\/index.php?rest_route=\/wp\/v2\/pages\/23\/revisions\/461"}],"wp:attachment":[{"href":"https:\/\/photo.bugajew.ski\/index.php?rest_route=%2Fwp%2Fv2%2Fmedia&parent=23"}],"curies":[{"name":"wp","href":"https:\/\/api.w.org\/{rel}","templated":true}]}}