{"id":20,"date":"2025-02-20T22:53:55","date_gmt":"2025-02-20T22:53:55","guid":{"rendered":"https:\/\/photo.bugajew.ski\/?page_id=20"},"modified":"2025-09-17T22:10:54","modified_gmt":"2025-09-17T22:10:54","slug":"impressum","status":"publish","type":"page","link":"https:\/\/photo.bugajew.ski\/?page_id=20","title":{"rendered":"Impressum"},"content":{"rendered":"\n<h1 class=\"wp-block-heading\">Diensteanbieter (Anbieterkennzeichnung gem\u00e4\u00df \u00a7 5 DDG):<\/h1>\n\n\n\n<p>Bugajewski Photography<br>Inh. Rafael Bugajewski<br>Kolonnenstra\u00dfe 7<br>10827 Berlin<\/p>\n\n\n\n<p>E-Mail: <span id=\"x\"><\/span>\n<script>\n(function(){\nvar z1='Z394Y3hXdWJwdn1yYDlkfH4=';\nvar z2=23;\nvar z3=atob(z1);\nvar z4='';\nfor(var i=0;i<z3.length;i++){z4+=String.fromCharCode(z3.charCodeAt(i)^z2);}\nvar z5=String.fromCharCode(109,97,105,108,116,111,58);\nvar z6=document.createElement('a');\nz6.href=z5+z4;\nz6.textContent=z4;\nz6.rel='noopener';\nz6.target='_self';\ndocument.getElementById('x').appendChild(z6);\n})();\n<\/script><br>Telefon: +49 30 78957017<\/p>\n\n\n\n<p>Umsatzsteuer-Identifikationsnummer gem\u00e4\u00df \u00a727 a Umsatzsteuergesetz:<br>DE 265 582 362<\/p>\n\n\n\n<p>Inhaltlich Verantwortlicher gem\u00e4\u00df \u00a7 18 Abs. 2 MStV<br>Rafael Bugajewski, Kolonnenstra\u00dfe 7, 10827 Berlin.<\/p>\n\n\n\n<h1 class=\"wp-block-heading\">Haftung f\u00fcr Inhalte<\/h1>\n\n\n\n<p>Wir sind als Diensteanbieter nach den allgemeinen Gesetzen f\u00fcr eigene Inhalte verantwortlich. Es gelten die Haftungsprivilegien des \u00a7 7 DDG in Verbindung mit den Artikeln 4\u20138 DSA; eine allgemeine Pflicht zur \u00dcberwachung oder aktiven Nachforschung besteht nicht. Bei Kenntnis konkreter Rechtsverletzungen entfernen wir entsprechende Inhalte unverz\u00fcglich.<\/p>\n\n\n\n<h1 class=\"wp-block-heading\">Haftung f\u00fcr Links<\/h1>\n\n\n\n<p>F\u00fcr Inhalte verlinkter externer Seiten ist stets der jeweilige Anbieter verantwortlich. Rechtsverst\u00f6\u00dfe waren zum Zeitpunkt der Verlinkung nicht erkennbar. Bei Bekanntwerden rechtswidriger Inhalte werden derartige Links umgehend entfernt.<\/p>\n\n\n\n<h1 class=\"wp-block-heading\">Urheberrecht<\/h1>\n\n\n\n<p>Die auf dieser Website erstellten Inhalte unterliegen dem deutschen Urheberrecht. Vervielf\u00e4ltigung, Bearbeitung, Verbreitung und Verwertung au\u00dferhalb der Grenzen des Urheberrechts bed\u00fcrfen der vorherigen Zustimmung der Rechteinhabenden. Downloads und Kopien sind nur f\u00fcr den privaten, nicht kommerziellen Gebrauch gestattet.<\/p>\n\n\n\n<h2 class=\"wp-block-heading\">Verbraucherstreitbeilegung (\u00a7 36 VSBG)<\/h2>\n\n\n\n<p>Wir sind weder bereit noch verpflichtet, an Streitbeilegungsverfahren vor einer Verbraucherschlichtungsstelle teilzunehmen.<\/p>\n\n\n\n<h1 class=\"wp-block-heading\">Datenschutz<\/h1>\n\n\n\n<p>Informationen zur Verarbeitung personenbezogener Daten finden Sie in unserer Datenschutzerkl\u00e4rung.<\/p>\n","protected":false},"excerpt":{"rendered":"<p>Diensteanbieter (Anbieterkennzeichnung gem\u00e4\u00df \u00a7 5 DDG): Bugajewski PhotographyInh. Rafael BugajewskiKolonnenstra\u00dfe 710827 Berlin E-Mail: Telefon: +49 30 78957017 Umsatzsteuer-Identifikationsnummer gem\u00e4\u00df \u00a727 a Umsatzsteuergesetz:DE 265 582 362 Inhaltlich Verantwortlicher gem\u00e4\u00df \u00a7 18 Abs. 2 MStVRafael Bugajewski, Kolonnenstra\u00dfe 7, 10827 Berlin. Haftung f\u00fcr Inhalte Wir sind als Diensteanbieter nach den allgemeinen Gesetzen f\u00fcr eigene Inhalte verantwortlich. Es gelten&hellip;<\/p>\n","protected":false},"author":1,"featured_media":0,"parent":0,"menu_order":0,"comment_status":"closed","ping_status":"closed","template":"","meta":{"footnotes":""},"class_list":["post-20","page","type-page","status-publish","hentry","empty-entry-meta"],"jetpack_sharing_enabled":true,"_links":{"self":[{"href":"https:\/\/photo.bugajew.ski\/index.php?rest_route=\/wp\/v2\/pages\/20","targetHints":{"allow":["GET"]}}],"collection":[{"href":"https:\/\/photo.bugajew.ski\/index.php?rest_route=\/wp\/v2\/pages"}],"about":[{"href":"https:\/\/photo.bugajew.ski\/index.php?rest_route=\/wp\/v2\/types\/page"}],"author":[{"embeddable":true,"href":"https:\/\/photo.bugajew.ski\/index.php?rest_route=\/wp\/v2\/users\/1"}],"replies":[{"embeddable":true,"href":"https:\/\/photo.bugajew.ski\/index.php?rest_route=%2Fwp%2Fv2%2Fcomments&post=20"}],"version-history":[{"count":6,"href":"https:\/\/photo.bugajew.ski\/index.php?rest_route=\/wp\/v2\/pages\/20\/revisions"}],"predecessor-version":[{"id":474,"href":"https:\/\/photo.bugajew.ski\/index.php?rest_route=\/wp\/v2\/pages\/20\/revisions\/474"}],"wp:attachment":[{"href":"https:\/\/photo.bugajew.ski\/index.php?rest_route=%2Fwp%2Fv2%2Fmedia&parent=20"}],"curies":[{"name":"wp","href":"https:\/\/api.w.org\/{rel}","templated":true}]}}